{"id":7668,"date":"2024-01-18T10:16:33","date_gmt":"2024-01-18T10:16:33","guid":{"rendered":"https:\/\/lumomat.fr\/?page_id=7668"},"modified":"2026-04-08T14:10:14","modified_gmt":"2026-04-08T14:10:14","slug":"appel-a-projets","status":"publish","type":"page","link":"https:\/\/lumomat.fr\/eng\/appel-a-projets\/","title":{"rendered":"Call for projects"},"content":{"rendered":"<div data-elementor-type=\"wp-page\" data-elementor-id=\"7668\" class=\"elementor elementor-7668\" data-elementor-post-type=\"page\">\n\t\t\t\t<div class=\"elementor-element elementor-element-5d90865 e-flex e-con-boxed e-con e-parent\" data-id=\"5d90865\" data-element_type=\"container\" data-e-type=\"container\">\n\t\t\t\t\t<div class=\"e-con-inner\">\n\t\t\t\t<div class=\"elementor-element elementor-element-90b2346 elementor-widget elementor-widget-spacer\" data-id=\"90b2346\" data-element_type=\"widget\" data-e-type=\"widget\" data-widget_type=\"spacer.default\">\n\t\t\t\t\t\t\t<div class=\"elementor-spacer\">\n\t\t\t<div class=\"elementor-spacer-inner\"><\/div>\n\t\t<\/div>\n\t\t\t\t\t\t<\/div>\n\t\t\t\t<div class=\"elementor-element elementor-element-dda5599 elementor-widget elementor-widget-heading\" data-id=\"dda5599\" data-element_type=\"widget\" data-e-type=\"widget\" data-widget_type=\"heading.default\">\n\t\t\t\t\t<h1 class=\"elementor-heading-title elementor-size-default\">Call for projects (AAP)<\/h1>\t\t\t\t<\/div>\n\t\t\t\t\t<\/div>\n\t\t\t\t<\/div>\n\t\t<div class=\"elementor-element elementor-element-50069e2 e-flex e-con-boxed e-con e-parent\" data-id=\"50069e2\" data-element_type=\"container\" data-e-type=\"container\">\n\t\t\t\t\t<div class=\"e-con-inner\">\n\t\t\t\t<div class=\"elementor-element elementor-element-3e55cc6 elementor-widget elementor-widget-text-editor\" data-id=\"3e55cc6\" data-element_type=\"widget\" data-e-type=\"widget\" data-widget_type=\"text-editor.default\">\n\t\t\t\t\t\t\t\t\t<p>Each year, we launch an internal call for projects on the scientific themes defined within the EUR LUMOMAT project for the funding of doctoral fellowships and postdoctoral contracts.<\/p>\t\t\t\t\t\t\t\t<\/div>\n\t\t<div class=\"elementor-element elementor-element-708d686 e-con-full e-flex e-con e-child\" data-id=\"708d686\" data-element_type=\"container\" data-e-type=\"container\">\n\t\t\t\t<div class=\"elementor-element elementor-element-f24fde1 elementor-widget elementor-widget-heading\" data-id=\"f24fde1\" data-element_type=\"widget\" data-e-type=\"widget\" data-widget_type=\"heading.default\">\n\t\t\t\t\t<h2 class=\"elementor-heading-title elementor-size-default\">Appel \u00e0 Projets 2026-2 - Contrats Post-Doctoraux<\/h2>\t\t\t\t<\/div>\n\t\t\t\t<div class=\"elementor-element elementor-element-330f1d5 elementor-widget elementor-widget-text-editor\" data-id=\"330f1d5\" data-element_type=\"widget\" data-e-type=\"widget\" data-widget_type=\"text-editor.default\">\n\t\t\t\t\t\t\t\t\t<p><strong>L&rsquo;Appel \u00e0 Projets 2026-2 destin\u00e9 au financement de contrats post-doctoraux est clos.<\/strong><\/p>\t\t\t\t\t\t\t\t<\/div>\n\t\t\t\t<\/div>\n\t\t\t\t\t<\/div>\n\t\t\t\t<\/div>\n\t\t<div class=\"elementor-element elementor-element-7127489 e-flex e-con-boxed e-con e-parent\" data-id=\"7127489\" data-element_type=\"container\" data-e-type=\"container\">\n\t\t\t\t\t<div class=\"e-con-inner\">\n\t\t\t\t<div class=\"elementor-element elementor-element-58ce298 elementor-widget elementor-widget-heading\" data-id=\"58ce298\" data-element_type=\"widget\" data-e-type=\"widget\" data-widget_type=\"heading.default\">\n\t\t\t\t\t<h2 class=\"elementor-heading-title elementor-size-default\">Financeurs des 11 demi allocations doctorales de l'AAP 2026-1<\/h2>\t\t\t\t<\/div>\n\t\t\t\t\t<\/div>\n\t\t\t\t<\/div>\n\t\t<div class=\"elementor-element elementor-element-08637ca e-flex e-con-boxed e-con e-parent\" data-id=\"08637ca\" data-element_type=\"container\" data-e-type=\"container\">\n\t\t\t\t\t<div class=\"e-con-inner\">\n\t\t<div class=\"elementor-element elementor-element-60ceafc e-con-full e-flex e-con e-child\" data-id=\"60ceafc\" data-element_type=\"container\" data-e-type=\"container\" data-settings=\"{&quot;background_background&quot;:&quot;classic&quot;}\">\n\t\t<a class=\"elementor-element elementor-element-8b48e9a e-flex e-con-boxed e-con e-child\" data-id=\"8b48e9a\" data-element_type=\"container\" data-e-type=\"container\" data-settings=\"{&quot;background_background&quot;:&quot;classic&quot;}\">\n\t\t\t\t\t<div class=\"e-con-inner\">\n\t\t\t\t<div class=\"elementor-element elementor-element-bb9da58 elementor-widget elementor-widget-counter\" data-id=\"bb9da58\" data-element_type=\"widget\" data-e-type=\"widget\" data-widget_type=\"counter.default\">\n\t\t\t\t\t\t\t<div class=\"elementor-counter\">\n\t\t\t\t\t\t<div class=\"elementor-counter-number-wrapper\">\n\t\t\t\t<span class=\"elementor-counter-number-prefix\"><\/span>\n\t\t\t\t<span class=\"elementor-counter-number\" data-duration=\"1500\" data-to-value=\"6\" data-from-value=\"0\" data-delimiter=\",\">0<\/span>\n\t\t\t\t<span class=\"elementor-counter-number-suffix\"><\/span>\n\t\t\t<\/div>\n\t\t<\/div>\n\t\t\t\t\t\t<\/div>\n\t\t\t\t\t<\/div>\n\t\t\t\t<\/a>\n\t\t<a class=\"elementor-element elementor-element-e976fdd e-flex e-con-boxed e-con e-child\" data-id=\"e976fdd\" data-element_type=\"container\" data-e-type=\"container\">\n\t\t\t\t\t<div class=\"e-con-inner\">\n\t\t\t\t<div class=\"elementor-element elementor-element-b115e67 elementor-widget elementor-widget-text-editor\" data-id=\"b115e67\" data-element_type=\"widget\" data-e-type=\"widget\" data-widget_type=\"text-editor.default\">\n\t\t\t\t\t\t\t\t\t<p style=\"text-align: center;\">LUMOMAT (ANR)<\/p>\t\t\t\t\t\t\t\t<\/div>\n\t\t\t\t\t<\/div>\n\t\t\t\t<\/a>\n\t\t\t\t<\/div>\n\t\t<div class=\"elementor-element elementor-element-f177c68 e-flex e-con-boxed e-con e-child\" data-id=\"f177c68\" data-element_type=\"container\" data-e-type=\"container\" data-settings=\"{&quot;background_background&quot;:&quot;classic&quot;}\">\n\t\t\t\t\t<div class=\"e-con-inner\">\n\t\t<a class=\"elementor-element elementor-element-db2ea3a e-flex e-con-boxed e-con e-child\" data-id=\"db2ea3a\" data-element_type=\"container\" data-e-type=\"container\" data-settings=\"{&quot;background_background&quot;:&quot;classic&quot;}\">\n\t\t\t\t\t<div class=\"e-con-inner\">\n\t\t\t\t<div class=\"elementor-element elementor-element-7a043aa elementor-widget elementor-widget-counter\" data-id=\"7a043aa\" data-element_type=\"widget\" data-e-type=\"widget\" data-widget_type=\"counter.default\">\n\t\t\t\t\t\t\t<div class=\"elementor-counter\">\n\t\t\t\t\t\t<div class=\"elementor-counter-number-wrapper\">\n\t\t\t\t<span class=\"elementor-counter-number-prefix\"><\/span>\n\t\t\t\t<span class=\"elementor-counter-number\" data-duration=\"1500\" data-to-value=\"2\" data-from-value=\"0\" data-delimiter=\",\">0<\/span>\n\t\t\t\t<span class=\"elementor-counter-number-suffix\"><\/span>\n\t\t\t<\/div>\n\t\t<\/div>\n\t\t\t\t\t\t<\/div>\n\t\t\t\t\t<\/div>\n\t\t\t\t<\/a>\n\t\t<a class=\"elementor-element elementor-element-404c75c e-flex e-con-boxed e-con e-child\" data-id=\"404c75c\" data-element_type=\"container\" data-e-type=\"container\">\n\t\t\t\t\t<div class=\"e-con-inner\">\n\t\t\t\t<div class=\"elementor-element elementor-element-eaf6ffa elementor-widget elementor-widget-text-editor\" data-id=\"eaf6ffa\" data-element_type=\"widget\" data-e-type=\"widget\" data-widget_type=\"text-editor.default\">\n\t\t\t\t\t\t\t\t\t<p style=\"text-align: center;\">University of Angers<\/p>\t\t\t\t\t\t\t\t<\/div>\n\t\t\t\t\t<\/div>\n\t\t\t\t<\/a>\n\t\t\t\t\t<\/div>\n\t\t\t\t<\/div>\n\t\t<div class=\"elementor-element elementor-element-15057b9 e-flex e-con-boxed e-con e-child\" data-id=\"15057b9\" data-element_type=\"container\" data-e-type=\"container\" data-settings=\"{&quot;background_background&quot;:&quot;classic&quot;}\">\n\t\t\t\t\t<div class=\"e-con-inner\">\n\t\t<a class=\"elementor-element elementor-element-c39cd00 e-flex e-con-boxed e-con e-child\" data-id=\"c39cd00\" data-element_type=\"container\" data-e-type=\"container\" data-settings=\"{&quot;background_background&quot;:&quot;classic&quot;}\">\n\t\t\t\t\t<div class=\"e-con-inner\">\n\t\t\t\t<div class=\"elementor-element elementor-element-531dc70 elementor-widget elementor-widget-counter\" data-id=\"531dc70\" data-element_type=\"widget\" data-e-type=\"widget\" data-widget_type=\"counter.default\">\n\t\t\t\t\t\t\t<div class=\"elementor-counter\">\n\t\t\t\t\t\t<div class=\"elementor-counter-number-wrapper\">\n\t\t\t\t<span class=\"elementor-counter-number-prefix\"><\/span>\n\t\t\t\t<span class=\"elementor-counter-number\" data-duration=\"1500\" data-to-value=\"1\" data-from-value=\"0\" data-delimiter=\",\">0<\/span>\n\t\t\t\t<span class=\"elementor-counter-number-suffix\"><\/span>\n\t\t\t<\/div>\n\t\t<\/div>\n\t\t\t\t\t\t<\/div>\n\t\t\t\t\t<\/div>\n\t\t\t\t<\/a>\n\t\t<a class=\"elementor-element elementor-element-046a3f2 e-flex e-con-boxed e-con e-child\" data-id=\"046a3f2\" data-element_type=\"container\" data-e-type=\"container\">\n\t\t\t\t\t<div class=\"e-con-inner\">\n\t\t\t\t<div class=\"elementor-element elementor-element-a4f215e elementor-widget elementor-widget-text-editor\" data-id=\"a4f215e\" data-element_type=\"widget\" data-e-type=\"widget\" data-widget_type=\"text-editor.default\">\n\t\t\t\t\t\t\t\t\t<p style=\"text-align: center;\">Nantes University<\/p>\t\t\t\t\t\t\t\t<\/div>\n\t\t\t\t\t<\/div>\n\t\t\t\t<\/a>\n\t\t\t\t\t<\/div>\n\t\t\t\t<\/div>\n\t\t<div class=\"elementor-element elementor-element-2048c7a e-flex e-con-boxed e-con e-child\" data-id=\"2048c7a\" data-element_type=\"container\" data-e-type=\"container\" data-settings=\"{&quot;background_background&quot;:&quot;classic&quot;}\">\n\t\t\t\t\t<div class=\"e-con-inner\">\n\t\t<a class=\"elementor-element elementor-element-d6818b2 e-flex e-con-boxed e-con e-child\" data-id=\"d6818b2\" data-element_type=\"container\" data-e-type=\"container\" data-settings=\"{&quot;background_background&quot;:&quot;classic&quot;}\">\n\t\t\t\t\t<div class=\"e-con-inner\">\n\t\t\t\t<div class=\"elementor-element elementor-element-7034a70 elementor-widget elementor-widget-counter\" data-id=\"7034a70\" data-element_type=\"widget\" data-e-type=\"widget\" data-widget_type=\"counter.default\">\n\t\t\t\t\t\t\t<div class=\"elementor-counter\">\n\t\t\t\t\t\t<div class=\"elementor-counter-number-wrapper\">\n\t\t\t\t<span class=\"elementor-counter-number-prefix\"><\/span>\n\t\t\t\t<span class=\"elementor-counter-number\" data-duration=\"1500\" data-to-value=\"2\" data-from-value=\"0\" data-delimiter=\",\">0<\/span>\n\t\t\t\t<span class=\"elementor-counter-number-suffix\"><\/span>\n\t\t\t<\/div>\n\t\t<\/div>\n\t\t\t\t\t\t<\/div>\n\t\t\t\t\t<\/div>\n\t\t\t\t<\/a>\n\t\t<a class=\"elementor-element elementor-element-7dbdc1b e-flex e-con-boxed e-con e-child\" data-id=\"7dbdc1b\" data-element_type=\"container\" data-e-type=\"container\">\n\t\t\t\t\t<div class=\"e-con-inner\">\n\t\t\t\t<div class=\"elementor-element elementor-element-23402e5 elementor-widget elementor-widget-text-editor\" data-id=\"23402e5\" data-element_type=\"widget\" data-e-type=\"widget\" data-widget_type=\"text-editor.default\">\n\t\t\t\t\t\t\t\t\t<p style=\"text-align: center;\">University of Rennes<\/p>\t\t\t\t\t\t\t\t<\/div>\n\t\t\t\t\t<\/div>\n\t\t\t\t<\/a>\n\t\t\t\t\t<\/div>\n\t\t\t\t<\/div>\n\t\t\t\t\t<\/div>\n\t\t\t\t<\/div>\n\t\t<div class=\"elementor-element elementor-element-af1d208 e-flex e-con-boxed e-con e-parent\" data-id=\"af1d208\" data-element_type=\"container\" data-e-type=\"container\">\n\t\t\t\t\t<div class=\"e-con-inner\">\n\t\t\t\t\t<\/div>\n\t\t\t\t<\/div>\n\t\t\t\t<\/div>","protected":false},"excerpt":{"rendered":"<p>Appel \u00e0 projets (AAP) Nous lan\u00e7ons chaque ann\u00e9e un appel \u00e0 candidatures interne sur les th\u00e9matiques scientifiques d\u00e9finies dans le cadre du projet EUR LUMOMAT pour le financement de bourses d\u2019allocations doctorales et de contrats post-doctoraux. Appel \u00e0 Projets 2026-2 &#8211; Contrats Post-Doctoraux L&rsquo;Appel \u00e0 Projets 2026-2 destin\u00e9 au financement de contrats post-doctoraux est clos. [&hellip;]<\/p>\n","protected":false},"author":3,"featured_media":7771,"parent":0,"menu_order":0,"comment_status":"closed","ping_status":"closed","template":"","meta":{"inline_featured_image":false,"site-sidebar-layout":"no-sidebar","site-content-layout":"page-builder","ast-site-content-layout":"full-width-container","site-content-style":"default","site-sidebar-style":"default","ast-global-header-display":"","ast-banner-title-visibility":"","ast-main-header-display":"","ast-hfb-above-header-display":"","ast-hfb-below-header-display":"","ast-hfb-mobile-header-display":"","site-post-title":"disabled","ast-breadcrumbs-content":"","ast-featured-img":"disabled","footer-sml-layout":"","ast-disable-related-posts":"","theme-transparent-header-meta":"","adv-header-id-meta":"","stick-header-meta":"","header-above-stick-meta":"","header-main-stick-meta":"","header-below-stick-meta":"","astra-migrate-meta-layouts":"set","ast-page-background-enabled":"default","ast-page-background-meta":{"desktop":{"background-color":"","background-image":"","background-repeat":"repeat","background-position":"center center","background-size":"auto","background-attachment":"scroll","background-type":"","background-media":"","overlay-type":"","overlay-color":"","overlay-opacity":"","overlay-gradient":""},"tablet":{"background-color":"","background-image":"","background-repeat":"repeat","background-position":"center center","background-size":"auto","background-attachment":"scroll","background-type":"","background-media":"","overlay-type":"","overlay-color":"","overlay-opacity":"","overlay-gradient":""},"mobile":{"background-color":"","background-image":"","background-repeat":"repeat","background-position":"center center","background-size":"auto","background-attachment":"scroll","background-type":"","background-media":"","overlay-type":"","overlay-color":"","overlay-opacity":"","overlay-gradient":""}},"ast-content-background-meta":{"desktop":{"background-color":"var(--ast-global-color-5)","background-image":"","background-repeat":"repeat","background-position":"center center","background-size":"auto","background-attachment":"scroll","background-type":"","background-media":"","overlay-type":"","overlay-color":"","overlay-opacity":"","overlay-gradient":""},"tablet":{"background-color":"var(--ast-global-color-5)","background-image":"","background-repeat":"repeat","background-position":"center center","background-size":"auto","background-attachment":"scroll","background-type":"","background-media":"","overlay-type":"","overlay-color":"","overlay-opacity":"","overlay-gradient":""},"mobile":{"background-color":"var(--ast-global-color-5)","background-image":"","background-repeat":"repeat","background-position":"center center","background-size":"auto","background-attachment":"scroll","background-type":"","background-media":"","overlay-type":"","overlay-color":"","overlay-opacity":"","overlay-gradient":""}},"footnotes":""},"class_list":["post-7668","page","type-page","status-publish","has-post-thumbnail","hentry"],"yoast_head":"<!-- This site is optimized with the Yoast SEO plugin v27.4 - https:\/\/yoast.com\/product\/yoast-seo-wordpress\/ -->\n<title>Appels \u00e0 projets allocations doctorales en chimie<\/title>\n<meta name=\"description\" content=\"Nous finan\u00e7ons des demi allocations doctorales dans le domaine de chimie dans les th\u00e9matiques de notre \u00e9cole.\" \/>\n<meta name=\"robots\" content=\"index, follow, max-snippet:-1, max-image-preview:large, max-video-preview:-1\" \/>\n<link rel=\"canonical\" href=\"https:\/\/lumomat.fr\/eng\/appel-a-projets\/\" \/>\n<meta property=\"og:locale\" content=\"en_GB\" \/>\n<meta property=\"og:type\" content=\"article\" \/>\n<meta property=\"og:title\" content=\"Appels \u00e0 projets allocations doctorales en chimie\" \/>\n<meta property=\"og:description\" content=\"Nous finan\u00e7ons des demi allocations doctorales dans le domaine de chimie dans les th\u00e9matiques de notre \u00e9cole.\" \/>\n<meta property=\"og:url\" content=\"https:\/\/lumomat.fr\/eng\/appel-a-projets\/\" \/>\n<meta property=\"og:site_name\" content=\"lumomat\" \/>\n<meta property=\"article:modified_time\" content=\"2026-04-08T14:10:14+00:00\" \/>\n<meta property=\"og:image\" content=\"https:\/\/lumomat.fr\/wp-content\/uploads\/2024\/01\/lumomat_photo_resized.webp\" \/>\n\t<meta property=\"og:image:width\" content=\"600\" \/>\n\t<meta property=\"og:image:height\" content=\"338\" \/>\n\t<meta property=\"og:image:type\" content=\"image\/webp\" \/>\n<meta name=\"twitter:card\" content=\"summary_large_image\" \/>\n<meta name=\"twitter:site\" content=\"@EURLUMOMAT\" \/>\n<meta name=\"twitter:label1\" content=\"Estimated reading time\" \/>\n\t<meta name=\"twitter:data1\" content=\"1 minute\" \/>\n<script type=\"application\/ld+json\" class=\"yoast-schema-graph\">{\"@context\":\"https:\\\/\\\/schema.org\",\"@graph\":[{\"@type\":\"WebPage\",\"@id\":\"https:\\\/\\\/lumomat.fr\\\/appel-a-projets\\\/\",\"url\":\"https:\\\/\\\/lumomat.fr\\\/appel-a-projets\\\/\",\"name\":\"Appels \u00e0 projets allocations doctorales en chimie\",\"isPartOf\":{\"@id\":\"https:\\\/\\\/lumomat.fr\\\/#website\"},\"primaryImageOfPage\":{\"@id\":\"https:\\\/\\\/lumomat.fr\\\/appel-a-projets\\\/#primaryimage\"},\"image\":{\"@id\":\"https:\\\/\\\/lumomat.fr\\\/appel-a-projets\\\/#primaryimage\"},\"thumbnailUrl\":\"https:\\\/\\\/lumomat.fr\\\/wp-content\\\/uploads\\\/2024\\\/01\\\/lumomat_photo_resized.webp\",\"datePublished\":\"2024-01-18T10:16:33+00:00\",\"dateModified\":\"2026-04-08T14:10:14+00:00\",\"description\":\"Nous finan\u00e7ons des demi allocations doctorales dans le domaine de chimie dans les th\u00e9matiques de notre \u00e9cole.\",\"breadcrumb\":{\"@id\":\"https:\\\/\\\/lumomat.fr\\\/appel-a-projets\\\/#breadcrumb\"},\"inLanguage\":\"en-GB\",\"potentialAction\":[{\"@type\":\"ReadAction\",\"target\":[\"https:\\\/\\\/lumomat.fr\\\/appel-a-projets\\\/\"]}]},{\"@type\":\"ImageObject\",\"inLanguage\":\"en-GB\",\"@id\":\"https:\\\/\\\/lumomat.fr\\\/appel-a-projets\\\/#primaryimage\",\"url\":\"https:\\\/\\\/lumomat.fr\\\/wp-content\\\/uploads\\\/2024\\\/01\\\/lumomat_photo_resized.webp\",\"contentUrl\":\"https:\\\/\\\/lumomat.fr\\\/wp-content\\\/uploads\\\/2024\\\/01\\\/lumomat_photo_resized.webp\",\"width\":600,\"height\":338},{\"@type\":\"BreadcrumbList\",\"@id\":\"https:\\\/\\\/lumomat.fr\\\/appel-a-projets\\\/#breadcrumb\",\"itemListElement\":[{\"@type\":\"ListItem\",\"position\":1,\"name\":\"Accueil\",\"item\":\"https:\\\/\\\/lumomat.fr\\\/\"},{\"@type\":\"ListItem\",\"position\":2,\"name\":\"Appel \u00e0 projets\"}]},{\"@type\":\"WebSite\",\"@id\":\"https:\\\/\\\/lumomat.fr\\\/#website\",\"url\":\"https:\\\/\\\/lumomat.fr\\\/\",\"name\":\"lumomat\",\"description\":\"EUR de chimie\",\"publisher\":{\"@id\":\"https:\\\/\\\/lumomat.fr\\\/#organization\"},\"potentialAction\":[{\"@type\":\"SearchAction\",\"target\":{\"@type\":\"EntryPoint\",\"urlTemplate\":\"https:\\\/\\\/lumomat.fr\\\/?s={search_term_string}\"},\"query-input\":{\"@type\":\"PropertyValueSpecification\",\"valueRequired\":true,\"valueName\":\"search_term_string\"}}],\"inLanguage\":\"en-GB\"},{\"@type\":\"Organization\",\"@id\":\"https:\\\/\\\/lumomat.fr\\\/#organization\",\"name\":\"lumomat\",\"url\":\"https:\\\/\\\/lumomat.fr\\\/\",\"logo\":{\"@type\":\"ImageObject\",\"inLanguage\":\"en-GB\",\"@id\":\"https:\\\/\\\/lumomat.fr\\\/#\\\/schema\\\/logo\\\/image\\\/\",\"url\":\"https:\\\/\\\/lumomat.fr\\\/wp-content\\\/uploads\\\/2023\\\/12\\\/lumomat_simple_couleur.svg\",\"contentUrl\":\"https:\\\/\\\/lumomat.fr\\\/wp-content\\\/uploads\\\/2023\\\/12\\\/lumomat_simple_couleur.svg\",\"width\":483,\"height\":110,\"caption\":\"lumomat\"},\"image\":{\"@id\":\"https:\\\/\\\/lumomat.fr\\\/#\\\/schema\\\/logo\\\/image\\\/\"},\"sameAs\":[\"https:\\\/\\\/x.com\\\/EURLUMOMAT\",\"https:\\\/\\\/www.linkedin.com\\\/in\\\/eur-lumomat-9b3b53114\"]}]}<\/script>\n<!-- \/ Yoast SEO plugin. -->","yoast_head_json":{"title":"Appels \u00e0 projets allocations doctorales en chimie","description":"Nous finan\u00e7ons des demi allocations doctorales dans le domaine de chimie dans les th\u00e9matiques de notre \u00e9cole.","robots":{"index":"index","follow":"follow","max-snippet":"max-snippet:-1","max-image-preview":"max-image-preview:large","max-video-preview":"max-video-preview:-1"},"canonical":"https:\/\/lumomat.fr\/eng\/appel-a-projets\/","og_locale":"en_GB","og_type":"article","og_title":"Appels \u00e0 projets allocations doctorales en chimie","og_description":"Nous finan\u00e7ons des demi allocations doctorales dans le domaine de chimie dans les th\u00e9matiques de notre \u00e9cole.","og_url":"https:\/\/lumomat.fr\/eng\/appel-a-projets\/","og_site_name":"lumomat","article_modified_time":"2026-04-08T14:10:14+00:00","og_image":[{"width":600,"height":338,"url":"https:\/\/lumomat.fr\/wp-content\/uploads\/2024\/01\/lumomat_photo_resized.webp","type":"image\/webp"}],"twitter_card":"summary_large_image","twitter_site":"@EURLUMOMAT","twitter_misc":{"Estimated reading time":"1 minute"},"schema":{"@context":"https:\/\/schema.org","@graph":[{"@type":"WebPage","@id":"https:\/\/lumomat.fr\/appel-a-projets\/","url":"https:\/\/lumomat.fr\/appel-a-projets\/","name":"Appels \u00e0 projets allocations doctorales en chimie","isPartOf":{"@id":"https:\/\/lumomat.fr\/#website"},"primaryImageOfPage":{"@id":"https:\/\/lumomat.fr\/appel-a-projets\/#primaryimage"},"image":{"@id":"https:\/\/lumomat.fr\/appel-a-projets\/#primaryimage"},"thumbnailUrl":"https:\/\/lumomat.fr\/wp-content\/uploads\/2024\/01\/lumomat_photo_resized.webp","datePublished":"2024-01-18T10:16:33+00:00","dateModified":"2026-04-08T14:10:14+00:00","description":"Nous finan\u00e7ons des demi allocations doctorales dans le domaine de chimie dans les th\u00e9matiques de notre \u00e9cole.","breadcrumb":{"@id":"https:\/\/lumomat.fr\/appel-a-projets\/#breadcrumb"},"inLanguage":"en-GB","potentialAction":[{"@type":"ReadAction","target":["https:\/\/lumomat.fr\/appel-a-projets\/"]}]},{"@type":"ImageObject","inLanguage":"en-GB","@id":"https:\/\/lumomat.fr\/appel-a-projets\/#primaryimage","url":"https:\/\/lumomat.fr\/wp-content\/uploads\/2024\/01\/lumomat_photo_resized.webp","contentUrl":"https:\/\/lumomat.fr\/wp-content\/uploads\/2024\/01\/lumomat_photo_resized.webp","width":600,"height":338},{"@type":"BreadcrumbList","@id":"https:\/\/lumomat.fr\/appel-a-projets\/#breadcrumb","itemListElement":[{"@type":"ListItem","position":1,"name":"Accueil","item":"https:\/\/lumomat.fr\/"},{"@type":"ListItem","position":2,"name":"Appel \u00e0 projets"}]},{"@type":"WebSite","@id":"https:\/\/lumomat.fr\/#website","url":"https:\/\/lumomat.fr\/","name":"lumomat","description":"EUR de chimie","publisher":{"@id":"https:\/\/lumomat.fr\/#organization"},"potentialAction":[{"@type":"SearchAction","target":{"@type":"EntryPoint","urlTemplate":"https:\/\/lumomat.fr\/?s={search_term_string}"},"query-input":{"@type":"PropertyValueSpecification","valueRequired":true,"valueName":"search_term_string"}}],"inLanguage":"en-GB"},{"@type":"Organization","@id":"https:\/\/lumomat.fr\/#organization","name":"lumomat","url":"https:\/\/lumomat.fr\/","logo":{"@type":"ImageObject","inLanguage":"en-GB","@id":"https:\/\/lumomat.fr\/#\/schema\/logo\/image\/","url":"https:\/\/lumomat.fr\/wp-content\/uploads\/2023\/12\/lumomat_simple_couleur.svg","contentUrl":"https:\/\/lumomat.fr\/wp-content\/uploads\/2023\/12\/lumomat_simple_couleur.svg","width":483,"height":110,"caption":"lumomat"},"image":{"@id":"https:\/\/lumomat.fr\/#\/schema\/logo\/image\/"},"sameAs":["https:\/\/x.com\/EURLUMOMAT","https:\/\/www.linkedin.com\/in\/eur-lumomat-9b3b53114"]}]}},"_links":{"self":[{"href":"https:\/\/lumomat.fr\/eng\/wp-json\/wp\/v2\/pages\/7668","targetHints":{"allow":["GET"]}}],"collection":[{"href":"https:\/\/lumomat.fr\/eng\/wp-json\/wp\/v2\/pages"}],"about":[{"href":"https:\/\/lumomat.fr\/eng\/wp-json\/wp\/v2\/types\/page"}],"author":[{"embeddable":true,"href":"https:\/\/lumomat.fr\/eng\/wp-json\/wp\/v2\/users\/3"}],"replies":[{"embeddable":true,"href":"https:\/\/lumomat.fr\/eng\/wp-json\/wp\/v2\/comments?post=7668"}],"version-history":[{"count":137,"href":"https:\/\/lumomat.fr\/eng\/wp-json\/wp\/v2\/pages\/7668\/revisions"}],"predecessor-version":[{"id":9807,"href":"https:\/\/lumomat.fr\/eng\/wp-json\/wp\/v2\/pages\/7668\/revisions\/9807"}],"wp:featuredmedia":[{"embeddable":true,"href":"https:\/\/lumomat.fr\/eng\/wp-json\/wp\/v2\/media\/7771"}],"wp:attachment":[{"href":"https:\/\/lumomat.fr\/eng\/wp-json\/wp\/v2\/media?parent=7668"}],"curies":[{"name":"wp","href":"https:\/\/api.w.org\/{rel}","templated":true}]}}