{"id":8056,"date":"2024-03-20T10:20:10","date_gmt":"2024-03-20T10:20:10","guid":{"rendered":"https:\/\/lumomat.fr\/?page_id=8056"},"modified":"2024-03-20T10:26:05","modified_gmt":"2024-03-20T10:26:05","slug":"donnees-personnelles","status":"publish","type":"page","link":"https:\/\/lumomat.fr\/eng\/donnees-personnelles\/","title":{"rendered":"Personal data"},"content":{"rendered":"<div data-elementor-type=\"wp-page\" data-elementor-id=\"8056\" class=\"elementor elementor-8056\" data-elementor-post-type=\"page\">\n\t\t\t\t<div class=\"elementor-element elementor-element-6848e89 e-flex e-con-boxed e-con e-parent\" data-id=\"6848e89\" data-element_type=\"container\" data-e-type=\"container\">\n\t\t\t\t\t<div class=\"e-con-inner\">\n\t\t\t\t<div class=\"elementor-element elementor-element-4c43cba elementor-widget elementor-widget-spacer\" data-id=\"4c43cba\" data-element_type=\"widget\" data-e-type=\"widget\" data-widget_type=\"spacer.default\">\n\t\t\t\t\t\t\t<div class=\"elementor-spacer\">\n\t\t\t<div class=\"elementor-spacer-inner\"><\/div>\n\t\t<\/div>\n\t\t\t\t\t\t<\/div>\n\t\t\t\t<div class=\"elementor-element elementor-element-d59985d elementor-widget elementor-widget-heading\" data-id=\"d59985d\" data-element_type=\"widget\" data-e-type=\"widget\" data-widget_type=\"heading.default\">\n\t\t\t\t\t<h1 class=\"elementor-heading-title elementor-size-default\">Personal data <\/h1>\t\t\t\t<\/div>\n\t\t\t\t<div class=\"elementor-element elementor-element-9142161 elementor-widget elementor-widget-spacer\" data-id=\"9142161\" data-element_type=\"widget\" data-e-type=\"widget\" data-widget_type=\"spacer.default\">\n\t\t\t\t\t\t\t<div class=\"elementor-spacer\">\n\t\t\t<div class=\"elementor-spacer-inner\"><\/div>\n\t\t<\/div>\n\t\t\t\t\t\t<\/div>\n\t\t\t\t<div class=\"elementor-element elementor-element-9fccadb elementor-widget elementor-widget-spacer\" data-id=\"9fccadb\" data-element_type=\"widget\" data-e-type=\"widget\" data-widget_type=\"spacer.default\">\n\t\t\t\t\t\t\t<div class=\"elementor-spacer\">\n\t\t\t<div class=\"elementor-spacer-inner\"><\/div>\n\t\t<\/div>\n\t\t\t\t\t\t<\/div>\n\t\t\t\t\t<\/div>\n\t\t\t\t<\/div>\n\t\t<div class=\"elementor-element elementor-element-f46d643 e-flex e-con-boxed e-con e-parent\" data-id=\"f46d643\" data-element_type=\"container\" data-e-type=\"container\">\n\t\t\t\t\t<div class=\"e-con-inner\">\n\t\t\t\t<div class=\"elementor-element elementor-element-737178a elementor-widget elementor-widget-text-editor\" data-id=\"737178a\" data-element_type=\"widget\" data-e-type=\"widget\" data-widget_type=\"text-editor.default\">\n\t\t\t\t\t\t\t\t\t<p><strong>L\u2019\u00e9diteur s\u2019engage \u00e0 ce que la collecte et le traitement de vos donn\u00e9es, effectu\u00e9s \u00e0 partir du site <a href=\"https:\/\/lumomat.fr\/eng\/\">https:\/\/lumomat.fr\/<\/a> , soient conformes au r\u00e8glement g\u00e9n\u00e9ral sur la protection des donn\u00e9es (RGPD) et \u00e0 la loi Informatique et Libert\u00e9s.<br \/><br \/><\/strong><\/p><h2>DONN\u00c9ES PERSONNELLES \/ DONN\u00c9ES ENTR\u00c9ES PAR L\u2019UTILISATEUR<\/h2><h3>Contact<\/h3><p>Le formulaire de contact envoi votre message par mail \u00e0 l\u2019\u00e9diteur. Ces donn\u00e9es personnelles permettent \u00e0 l\u2019\u00e9diteur de mieux vous conna\u00eetre, de r\u00e9pondre \u00e0 vos besoins et d\u2019optimiser ses services. Les informations recueillies sur ce formulaire sont enregistr\u00e9es dans une base de donn\u00e9e g\u00e9r\u00e9e et s\u00e9curis\u00e9e par OVH. Elles sont conserv\u00e9es pendant 3 ans. Conform\u00e9ment \u00e0 la loi \u00ab<a href=\"https:\/\/www.cnil.fr\/fr\/loi-78-17-du-6-janvier-1978-modifiee\">\u00a0informatique et libert\u00e9s<\/a>\u00a0\u00bb, vous pouvez exercer votre droit d\u2019acc\u00e8s aux donn\u00e9es vous concernant et les faire rectifier en\u00a0nous contactant.<br \/><br \/><\/p><h2>A PROPOS DES COOKIES<\/h2><p>Nous utilisons diff\u00e9rents cookies sur le site pour am\u00e9liorer l\u2019interactivit\u00e9 du site et nos services.<br \/><br \/><\/p><h3>Qu\u2019est-ce qu\u2019un \u00ab cookie \u00bb ?<\/h3><p>Un \u00ab cookie \u00bb est un fichier de taille limit\u00e9e, g\u00e9n\u00e9ralement constitu\u00e9 de lettres et de chiffres, envoy\u00e9 par le serveur internet au fichier cookie du navigateur situ\u00e9 sur le disque dur de votre ordinateur.<br \/><a href=\"https:\/\/www.cnil.fr\/fr\/cookies-les-outils-pour-les-maitriser\">En savoir plus sur les cookies, leur fonctionnement et les moyens de s\u2019y opposer<\/a><\/p><h4><br \/>Cookies internes n\u00e9cessaires au site pour fonctionner<\/h4><p>Ces cookies permettent au site de fonctionner de mani\u00e8re optimale. Vous pouvez vous y opposer et les supprimer en utilisant les param\u00e8tres de votre navigateur, cependant votre exp\u00e9rience utilisateur risque d\u2019\u00eatre d\u00e9grad\u00e9e.<\/p><h4><br \/>Cookies de mesure d\u2019audience<\/h4><p>En vue d\u2019adapter le site aux demandes de ses visiteurs, nous mesurons le nombre de visites, le nombre de pages vues ainsi que l\u2019activit\u00e9 des visiteurs sur le site et leur fr\u00e9quence de retour. Voici la liste :<\/p><ul><li>Google Analytics<\/li><\/ul><p>Nous collectons \u00e9galement votre adresse IP, afin de d\u00e9terminer la ville depuis laquelle vous vous connectez. Celle-ci est imm\u00e9diatement anonymis\u00e9e apr\u00e8s utilisation. L\u2019\u00e9diteur ne peut donc en aucun cas remonter par ce biais \u00e0 une personne physique.<br \/>Les donn\u00e9es personnelles recueillies (identifiant du cookie) sont conserv\u00e9es par l\u2019\u00e9diteur pour une dur\u00e9e de 13 mois . Elles ne sont pas c\u00e9d\u00e9es \u00e0 des tiers ni utilis\u00e9es \u00e0 d\u2019autres fins.<br \/>Vous pouvez \u00e0 tout moment vous informer et param\u00e9trer vos cookies pour les accepter ou les refuser en cliquant sur le bouton \u00ab\u00a0Gestion des cookies\u00a0\u00bb pr\u00e9sent en bas de chaque page du site. Vous pourrez indiquer votre pr\u00e9f\u00e9rence soit globalement pour le site, soit service par service.<\/p>\t\t\t\t\t\t\t\t<\/div>\n\t\t\t\t\t<\/div>\n\t\t\t\t<\/div>\n\t\t\t\t<\/div>","protected":false},"excerpt":{"rendered":"<p>Donn\u00e9es personnelles L\u2019\u00e9diteur s\u2019engage \u00e0 ce que la collecte et le traitement de vos donn\u00e9es, effectu\u00e9s \u00e0 partir du site https:\/\/lumomat.fr\/ , soient conformes au r\u00e8glement g\u00e9n\u00e9ral sur la protection des donn\u00e9es (RGPD) et \u00e0 la loi Informatique et Libert\u00e9s. DONN\u00c9ES PERSONNELLES \/ DONN\u00c9ES ENTR\u00c9ES PAR L\u2019UTILISATEUR Contact Le formulaire de contact envoi votre message [&hellip;]<\/p>\n","protected":false},"author":3,"featured_media":0,"parent":0,"menu_order":0,"comment_status":"closed","ping_status":"closed","template":"","meta":{"inline_featured_image":false,"site-sidebar-layout":"no-sidebar","site-content-layout":"page-builder","ast-site-content-layout":"full-width-container","site-content-style":"default","site-sidebar-style":"default","ast-global-header-display":"","ast-banner-title-visibility":"","ast-main-header-display":"","ast-hfb-above-header-display":"","ast-hfb-below-header-display":"","ast-hfb-mobile-header-display":"","site-post-title":"disabled","ast-breadcrumbs-content":"","ast-featured-img":"disabled","footer-sml-layout":"","ast-disable-related-posts":"","theme-transparent-header-meta":"","adv-header-id-meta":"","stick-header-meta":"","header-above-stick-meta":"","header-main-stick-meta":"","header-below-stick-meta":"","astra-migrate-meta-layouts":"set","ast-page-background-enabled":"default","ast-page-background-meta":{"desktop":{"background-color":"","background-image":"","background-repeat":"repeat","background-position":"center center","background-size":"auto","background-attachment":"scroll","background-type":"","background-media":"","overlay-type":"","overlay-color":"","overlay-opacity":"","overlay-gradient":""},"tablet":{"background-color":"","background-image":"","background-repeat":"repeat","background-position":"center center","background-size":"auto","background-attachment":"scroll","background-type":"","background-media":"","overlay-type":"","overlay-color":"","overlay-opacity":"","overlay-gradient":""},"mobile":{"background-color":"","background-image":"","background-repeat":"repeat","background-position":"center center","background-size":"auto","background-attachment":"scroll","background-type":"","background-media":"","overlay-type":"","overlay-color":"","overlay-opacity":"","overlay-gradient":""}},"ast-content-background-meta":{"desktop":{"background-color":"var(--ast-global-color-5)","background-image":"","background-repeat":"repeat","background-position":"center center","background-size":"auto","background-attachment":"scroll","background-type":"","background-media":"","overlay-type":"","overlay-color":"","overlay-opacity":"","overlay-gradient":""},"tablet":{"background-color":"var(--ast-global-color-5)","background-image":"","background-repeat":"repeat","background-position":"center center","background-size":"auto","background-attachment":"scroll","background-type":"","background-media":"","overlay-type":"","overlay-color":"","overlay-opacity":"","overlay-gradient":""},"mobile":{"background-color":"var(--ast-global-color-5)","background-image":"","background-repeat":"repeat","background-position":"center center","background-size":"auto","background-attachment":"scroll","background-type":"","background-media":"","overlay-type":"","overlay-color":"","overlay-opacity":"","overlay-gradient":""}},"footnotes":""},"class_list":["post-8056","page","type-page","status-publish","hentry"],"yoast_head":"<!-- This site is optimized with the Yoast SEO plugin v27.3 - https:\/\/yoast.com\/product\/yoast-seo-wordpress\/ -->\n<title>Donn\u00e9es personnelles - lumomat<\/title>\n<meta name=\"robots\" content=\"index, follow, max-snippet:-1, max-image-preview:large, max-video-preview:-1\" \/>\n<link rel=\"canonical\" href=\"https:\/\/lumomat.fr\/eng\/donnees-personnelles\/\" \/>\n<meta property=\"og:locale\" content=\"en_GB\" \/>\n<meta property=\"og:type\" content=\"article\" \/>\n<meta property=\"og:title\" content=\"Donn\u00e9es personnelles - lumomat\" \/>\n<meta property=\"og:description\" content=\"Donn\u00e9es personnelles L\u2019\u00e9diteur s\u2019engage \u00e0 ce que la collecte et le traitement de vos donn\u00e9es, effectu\u00e9s \u00e0 partir du site https:\/\/lumomat.fr\/ , soient conformes au r\u00e8glement g\u00e9n\u00e9ral sur la protection des donn\u00e9es (RGPD) et \u00e0 la loi Informatique et Libert\u00e9s. DONN\u00c9ES PERSONNELLES \/ DONN\u00c9ES ENTR\u00c9ES PAR L\u2019UTILISATEUR Contact Le formulaire de contact envoi votre message [&hellip;]\" \/>\n<meta property=\"og:url\" content=\"https:\/\/lumomat.fr\/eng\/donnees-personnelles\/\" \/>\n<meta property=\"og:site_name\" content=\"lumomat\" \/>\n<meta property=\"article:modified_time\" content=\"2024-03-20T10:26:05+00:00\" \/>\n<meta property=\"og:image\" content=\"https:\/\/lumomat.fr\/wp-content\/uploads\/2024\/01\/lumomat_photo.webp\" \/>\n\t<meta property=\"og:image:width\" content=\"1200\" \/>\n\t<meta property=\"og:image:height\" content=\"675\" \/>\n\t<meta property=\"og:image:type\" content=\"image\/webp\" \/>\n<meta name=\"twitter:card\" content=\"summary_large_image\" \/>\n<meta name=\"twitter:site\" content=\"@EURLUMOMAT\" \/>\n<meta name=\"twitter:label1\" content=\"Estimated reading time\" \/>\n\t<meta name=\"twitter:data1\" content=\"2 minutes\" \/>\n<script type=\"application\/ld+json\" class=\"yoast-schema-graph\">{\"@context\":\"https:\\\/\\\/schema.org\",\"@graph\":[{\"@type\":\"WebPage\",\"@id\":\"https:\\\/\\\/lumomat.fr\\\/donnees-personnelles\\\/\",\"url\":\"https:\\\/\\\/lumomat.fr\\\/donnees-personnelles\\\/\",\"name\":\"Donn\u00e9es personnelles - lumomat\",\"isPartOf\":{\"@id\":\"https:\\\/\\\/lumomat.fr\\\/#website\"},\"datePublished\":\"2024-03-20T10:20:10+00:00\",\"dateModified\":\"2024-03-20T10:26:05+00:00\",\"breadcrumb\":{\"@id\":\"https:\\\/\\\/lumomat.fr\\\/donnees-personnelles\\\/#breadcrumb\"},\"inLanguage\":\"en-GB\",\"potentialAction\":[{\"@type\":\"ReadAction\",\"target\":[\"https:\\\/\\\/lumomat.fr\\\/donnees-personnelles\\\/\"]}]},{\"@type\":\"BreadcrumbList\",\"@id\":\"https:\\\/\\\/lumomat.fr\\\/donnees-personnelles\\\/#breadcrumb\",\"itemListElement\":[{\"@type\":\"ListItem\",\"position\":1,\"name\":\"Accueil\",\"item\":\"https:\\\/\\\/lumomat.fr\\\/\"},{\"@type\":\"ListItem\",\"position\":2,\"name\":\"Donn\u00e9es personnelles\"}]},{\"@type\":\"WebSite\",\"@id\":\"https:\\\/\\\/lumomat.fr\\\/#website\",\"url\":\"https:\\\/\\\/lumomat.fr\\\/\",\"name\":\"lumomat\",\"description\":\"EUR de chimie\",\"publisher\":{\"@id\":\"https:\\\/\\\/lumomat.fr\\\/#organization\"},\"potentialAction\":[{\"@type\":\"SearchAction\",\"target\":{\"@type\":\"EntryPoint\",\"urlTemplate\":\"https:\\\/\\\/lumomat.fr\\\/?s={search_term_string}\"},\"query-input\":{\"@type\":\"PropertyValueSpecification\",\"valueRequired\":true,\"valueName\":\"search_term_string\"}}],\"inLanguage\":\"en-GB\"},{\"@type\":\"Organization\",\"@id\":\"https:\\\/\\\/lumomat.fr\\\/#organization\",\"name\":\"lumomat\",\"url\":\"https:\\\/\\\/lumomat.fr\\\/\",\"logo\":{\"@type\":\"ImageObject\",\"inLanguage\":\"en-GB\",\"@id\":\"https:\\\/\\\/lumomat.fr\\\/#\\\/schema\\\/logo\\\/image\\\/\",\"url\":\"https:\\\/\\\/lumomat.fr\\\/wp-content\\\/uploads\\\/2023\\\/12\\\/lumomat_simple_couleur.svg\",\"contentUrl\":\"https:\\\/\\\/lumomat.fr\\\/wp-content\\\/uploads\\\/2023\\\/12\\\/lumomat_simple_couleur.svg\",\"width\":483,\"height\":110,\"caption\":\"lumomat\"},\"image\":{\"@id\":\"https:\\\/\\\/lumomat.fr\\\/#\\\/schema\\\/logo\\\/image\\\/\"},\"sameAs\":[\"https:\\\/\\\/x.com\\\/EURLUMOMAT\",\"https:\\\/\\\/www.linkedin.com\\\/in\\\/eur-lumomat-9b3b53114\"]}]}<\/script>\n<!-- \/ Yoast SEO plugin. -->","yoast_head_json":{"title":"Donn\u00e9es personnelles - lumomat","robots":{"index":"index","follow":"follow","max-snippet":"max-snippet:-1","max-image-preview":"max-image-preview:large","max-video-preview":"max-video-preview:-1"},"canonical":"https:\/\/lumomat.fr\/eng\/donnees-personnelles\/","og_locale":"en_GB","og_type":"article","og_title":"Donn\u00e9es personnelles - lumomat","og_description":"Donn\u00e9es personnelles L\u2019\u00e9diteur s\u2019engage \u00e0 ce que la collecte et le traitement de vos donn\u00e9es, effectu\u00e9s \u00e0 partir du site https:\/\/lumomat.fr\/ , soient conformes au r\u00e8glement g\u00e9n\u00e9ral sur la protection des donn\u00e9es (RGPD) et \u00e0 la loi Informatique et Libert\u00e9s. DONN\u00c9ES PERSONNELLES \/ DONN\u00c9ES ENTR\u00c9ES PAR L\u2019UTILISATEUR Contact Le formulaire de contact envoi votre message [&hellip;]","og_url":"https:\/\/lumomat.fr\/eng\/donnees-personnelles\/","og_site_name":"lumomat","article_modified_time":"2024-03-20T10:26:05+00:00","og_image":[{"width":1200,"height":675,"url":"https:\/\/lumomat.fr\/wp-content\/uploads\/2024\/01\/lumomat_photo.webp","type":"image\/webp"}],"twitter_card":"summary_large_image","twitter_site":"@EURLUMOMAT","twitter_misc":{"Estimated reading time":"2 minutes"},"schema":{"@context":"https:\/\/schema.org","@graph":[{"@type":"WebPage","@id":"https:\/\/lumomat.fr\/donnees-personnelles\/","url":"https:\/\/lumomat.fr\/donnees-personnelles\/","name":"Donn\u00e9es personnelles - lumomat","isPartOf":{"@id":"https:\/\/lumomat.fr\/#website"},"datePublished":"2024-03-20T10:20:10+00:00","dateModified":"2024-03-20T10:26:05+00:00","breadcrumb":{"@id":"https:\/\/lumomat.fr\/donnees-personnelles\/#breadcrumb"},"inLanguage":"en-GB","potentialAction":[{"@type":"ReadAction","target":["https:\/\/lumomat.fr\/donnees-personnelles\/"]}]},{"@type":"BreadcrumbList","@id":"https:\/\/lumomat.fr\/donnees-personnelles\/#breadcrumb","itemListElement":[{"@type":"ListItem","position":1,"name":"Accueil","item":"https:\/\/lumomat.fr\/"},{"@type":"ListItem","position":2,"name":"Donn\u00e9es personnelles"}]},{"@type":"WebSite","@id":"https:\/\/lumomat.fr\/#website","url":"https:\/\/lumomat.fr\/","name":"lumomat","description":"EUR de chimie","publisher":{"@id":"https:\/\/lumomat.fr\/#organization"},"potentialAction":[{"@type":"SearchAction","target":{"@type":"EntryPoint","urlTemplate":"https:\/\/lumomat.fr\/?s={search_term_string}"},"query-input":{"@type":"PropertyValueSpecification","valueRequired":true,"valueName":"search_term_string"}}],"inLanguage":"en-GB"},{"@type":"Organization","@id":"https:\/\/lumomat.fr\/#organization","name":"lumomat","url":"https:\/\/lumomat.fr\/","logo":{"@type":"ImageObject","inLanguage":"en-GB","@id":"https:\/\/lumomat.fr\/#\/schema\/logo\/image\/","url":"https:\/\/lumomat.fr\/wp-content\/uploads\/2023\/12\/lumomat_simple_couleur.svg","contentUrl":"https:\/\/lumomat.fr\/wp-content\/uploads\/2023\/12\/lumomat_simple_couleur.svg","width":483,"height":110,"caption":"lumomat"},"image":{"@id":"https:\/\/lumomat.fr\/#\/schema\/logo\/image\/"},"sameAs":["https:\/\/x.com\/EURLUMOMAT","https:\/\/www.linkedin.com\/in\/eur-lumomat-9b3b53114"]}]}},"_links":{"self":[{"href":"https:\/\/lumomat.fr\/eng\/wp-json\/wp\/v2\/pages\/8056","targetHints":{"allow":["GET"]}}],"collection":[{"href":"https:\/\/lumomat.fr\/eng\/wp-json\/wp\/v2\/pages"}],"about":[{"href":"https:\/\/lumomat.fr\/eng\/wp-json\/wp\/v2\/types\/page"}],"author":[{"embeddable":true,"href":"https:\/\/lumomat.fr\/eng\/wp-json\/wp\/v2\/users\/3"}],"replies":[{"embeddable":true,"href":"https:\/\/lumomat.fr\/eng\/wp-json\/wp\/v2\/comments?post=8056"}],"version-history":[{"count":10,"href":"https:\/\/lumomat.fr\/eng\/wp-json\/wp\/v2\/pages\/8056\/revisions"}],"predecessor-version":[{"id":8076,"href":"https:\/\/lumomat.fr\/eng\/wp-json\/wp\/v2\/pages\/8056\/revisions\/8076"}],"wp:attachment":[{"href":"https:\/\/lumomat.fr\/eng\/wp-json\/wp\/v2\/media?parent=8056"}],"curies":[{"name":"wp","href":"https:\/\/api.w.org\/{rel}","templated":true}]}}