{"id":9687,"date":"2026-03-23T13:24:41","date_gmt":"2026-03-23T13:24:41","guid":{"rendered":"https:\/\/lumomat.fr\/?page_id=9687"},"modified":"2026-04-14T15:36:27","modified_gmt":"2026-04-14T15:36:27","slug":"offres-these-et-emploi","status":"publish","type":"page","link":"https:\/\/lumomat.fr\/eng\/offres-these-et-emploi\/","title":{"rendered":"PhD and job opportunities"},"content":{"rendered":"<div data-elementor-type=\"wp-page\" data-elementor-id=\"9687\" class=\"elementor elementor-9687\" data-elementor-post-type=\"page\">\n\t\t\t\t<div class=\"elementor-element elementor-element-6029feb e-flex e-con-boxed e-con e-parent\" data-id=\"6029feb\" data-element_type=\"container\" data-e-type=\"container\">\n\t\t\t\t\t<div class=\"e-con-inner\">\n\t\t\t\t<div class=\"elementor-element elementor-element-69e2339 elementor-widget elementor-widget-spacer\" data-id=\"69e2339\" data-element_type=\"widget\" data-e-type=\"widget\" data-widget_type=\"spacer.default\">\n\t\t\t\t\t\t\t<div class=\"elementor-spacer\">\n\t\t\t<div class=\"elementor-spacer-inner\"><\/div>\n\t\t<\/div>\n\t\t\t\t\t\t<\/div>\n\t\t\t\t<div class=\"elementor-element elementor-element-1a83228 elementor-widget elementor-widget-heading\" data-id=\"1a83228\" data-element_type=\"widget\" data-e-type=\"widget\" data-widget_type=\"heading.default\">\n\t\t\t\t\t<h1 class=\"elementor-heading-title elementor-size-default\">PhD and job opportunities<\/h1>\t\t\t\t<\/div>\n\t\t\t\t<div class=\"elementor-element elementor-element-e183733 elementor-widget elementor-widget-text-editor\" data-id=\"e183733\" data-element_type=\"widget\" data-e-type=\"widget\" data-widget_type=\"text-editor.default\">\n\t\t\t\t\t\t\t\t\t<p class=\"translation-block\">On this page, you will find the PhD and postdoctoral position offers from our calls for projects,<br>as well as the PhD, postdoctoral, and job opportunities available within the LUMOMAT network.<\/p>\t\t\t\t\t\t\t\t<\/div>\n\t\t\t\t<div class=\"elementor-element elementor-element-6f76d4a elementor-widget-divider--view-line elementor-widget elementor-widget-divider\" data-id=\"6f76d4a\" data-element_type=\"widget\" data-e-type=\"widget\" data-widget_type=\"divider.default\">\n\t\t\t\t\t\t\t<div class=\"elementor-divider\">\n\t\t\t<span class=\"elementor-divider-separator\">\n\t\t\t\t\t\t<\/span>\n\t\t<\/div>\n\t\t\t\t\t\t<\/div>\n\t\t\t\t<div class=\"elementor-element elementor-element-11ce170 elementor-widget elementor-widget-heading\" data-id=\"11ce170\" data-element_type=\"widget\" data-e-type=\"widget\" data-widget_type=\"heading.default\">\n\t\t\t\t\t<h2 class=\"elementor-heading-title elementor-size-default\">PhD Opportunities \u2013 LUMOMAT Call for Projects 2026\u20111<\/h2>\t\t\t\t<\/div>\n\t\t\t\t<div class=\"elementor-element elementor-element-5bdd855 elementor-widget elementor-widget-heading\" data-id=\"5bdd855\" data-element_type=\"widget\" data-e-type=\"widget\" data-widget_type=\"heading.default\">\n\t\t\t\t\t<h4 class=\"elementor-heading-title elementor-size-default\">\u25b6\ufe0f Joint PhD position \u2014 University of Rennes \/ Australian National University \u2013 Organic and Organometallic Chemistry<\/h4>\t\t\t\t<\/div>\n\t\t\t\t<div class=\"elementor-element elementor-element-a1b8ad4 elementor-widget elementor-widget-text-editor\" data-id=\"a1b8ad4\" data-element_type=\"widget\" data-e-type=\"widget\" data-widget_type=\"text-editor.default\">\n\t\t\t\t\t\t\t\t\t<p class=\"translation-block\">Organic and organometallic synthesis \u2013 development of molecules with potential applications in photothermy<\/p>\t\t\t\t\t\t\t\t<\/div>\n\t\t\t\t<div class=\"elementor-element elementor-element-5ecc71f elementor-widget elementor-widget-text-editor\" data-id=\"5ecc71f\" data-element_type=\"widget\" data-e-type=\"widget\" data-widget_type=\"text-editor.default\">\n\t\t\t\t\t\t\t\t\t<p><strong>\u2796 Location and duration: <br \/><\/strong>\u2013 18 months in France (<a href=\"https:\/\/iscr.univ-rennes.fr\/fr\">ISCR -Institut des Sciences Chimiques de Rennes<\/a> \/ Universit\u00e9 de Rennes)<br \/>\u2013 18 months in Australia (<a href=\"https:\/\/chemistry.anu.edu.au\/\">Australian National University \/ Research School of Chemistry<\/a>)<br \/><strong>\u2796 Required qualifications:<\/strong> \u00a0ANU requires (prior to enrolment) that the candidate has successfully passed an approved English\u2011language test. In addition, a \u2018assez bien\u2019 (\u2018good\u2019) grade in the Master 2 program is required in order to apply.\u00a0<br \/><a href=\"https:\/\/lumomat.fr\/wp-content\/uploads\/2026\/03\/PhD-Offer-Offre-de-These-Chimie-Universite-Rennes-ANU-Mars-2026.pdf\"><strong>\u2b07\ufe0f Download PhD position Offer<\/strong><\/a><\/p><p><em>Offer published on 18 March 2026<\/em><\/p>\t\t\t\t\t\t\t\t<\/div>\n\t\t\t\t<div class=\"elementor-element elementor-element-e807520 elementor-widget elementor-widget-heading\" data-id=\"e807520\" data-element_type=\"widget\" data-e-type=\"widget\" data-widget_type=\"heading.default\">\n\t\t\t\t\t<h4 class=\"elementor-heading-title elementor-size-default\">\u25b6\ufe0f PhD position in Supramolecular Chemistry \u2013 University of Angers (France) \n\/ Partner: University of Groningen (The Netherlands)<\/h4>\t\t\t\t<\/div>\n\t\t\t\t<div class=\"elementor-element elementor-element-1d9d492 elementor-widget elementor-widget-text-editor\" data-id=\"1d9d492\" data-element_type=\"widget\" data-e-type=\"widget\" data-widget_type=\"text-editor.default\">\n\t\t\t\t\t\t\t\t\t<p class=\"translation-block\">Light-controlled supramolecular chirality in helical foldamers<\/p>\t\t\t\t\t\t\t\t<\/div>\n\t\t\t\t<div class=\"elementor-element elementor-element-95c8061 elementor-widget elementor-widget-text-editor\" data-id=\"95c8061\" data-element_type=\"widget\" data-e-type=\"widget\" data-widget_type=\"text-editor.default\">\n\t\t\t\t\t\t\t\t\t<p><strong>\u2796 Location and duration: <br \/><\/strong>3 years at <a href=\"https:\/\/moltech-anjou.univ-angers.fr\/en\/index.html\">Laboratoire MOLTECH-Anjou \/ Universit\u00e9 d&rsquo;Angers<\/a><br \/>8 months at least at the <a href=\"https:\/\/www.benferinga.com\/\">Feringa Research Group<\/a> \/ <a href=\"https:\/\/www.rug.nl\/\">Groningen University<\/a> The Netherlands<br \/><strong>\u2796 Start date: <\/strong>October 2026<br \/><a href=\"https:\/\/lumomat.fr\/wp-content\/uploads\/2026\/04\/PhD-Position-University-of-Angers-Light-controlled-supramolecular-chirality-in-helical-foldamers-Oct-2026.pdf\" target=\"_blank\" rel=\"noopener\"><strong>\u2b07\ufe0f Download PhD position Offer<\/strong><\/a><br \/><em>Apply before the 30th April 2026 \/ Offer published on 25 March 2026<br \/><span class=\"break-words tvm-parent-container\"><span dir=\"ltr\">Send your CV, cover letter, and referees to: <a class=\"seVZkUMdlXHExvaoRUqmIRWAjXpYSHRBY\" tabindex=\"0\" href=\"mailto:david.canevet@univ-angers.fr\" target=\"_self\" data-test-app-aware-link=\"\">david.canevet@univ-angers.fr<\/a><\/span><\/span><\/em><\/p>\t\t\t\t\t\t\t\t<\/div>\n\t\t\t\t<div class=\"elementor-element elementor-element-fa200a2 elementor-widget elementor-widget-heading\" data-id=\"fa200a2\" data-element_type=\"widget\" data-e-type=\"widget\" data-widget_type=\"heading.default\">\n\t\t\t\t\t<h4 class=\"elementor-heading-title elementor-size-default\">\u25b6\ufe0f PhD position at the Institute of Chemical Sciences of Rennes (University of Rennes) in partnership with CEISAM Nantes and the School of Chemistry in Dublin \u2013 Electrochemistry \/ Batteries<\/h4>\t\t\t\t<\/div>\n\t\t\t\t<div class=\"elementor-element elementor-element-4361c5c elementor-widget elementor-widget-text-editor\" data-id=\"4361c5c\" data-element_type=\"widget\" data-e-type=\"widget\" data-widget_type=\"text-editor.default\">\n\t\t\t\t\t\t\t\t\t<p><em>Bioelectrochemical Production of Sustainable Redox Mediators for Redox Flow Batteries<\/em><\/p>\t\t\t\t\t\t\t\t<\/div>\n\t\t\t\t<div class=\"elementor-element elementor-element-cf65c5c elementor-widget elementor-widget-text-editor\" data-id=\"cf65c5c\" data-element_type=\"widget\" data-e-type=\"widget\" data-widget_type=\"text-editor.default\">\n\t\t\t\t\t\t\t\t\t<p><strong>\u2796 Location and duration: <br \/><\/strong>3 years (<a href=\"https:\/\/iscr.univ-rennes.fr\/fr\">ISCR -Institut des Sciences Chimiques de Rennes<\/a> \/ Universit\u00e9 de Rennes)<br \/>Research visits to CEISAM (Nantes) and the School of Chemistry in Dublin (Ireland)<br \/><strong>\u2796 Start date: <\/strong>October 2026<br \/><a href=\"https:\/\/lumomat.fr\/wp-content\/uploads\/2026\/04\/PhD-Position-ISCR-Bioelectrochemical-Production-of-Sustainable-Redox-Mediators-for-Redox-Flow-Batteries-Oct-2026.pdf\" target=\"_blank\" rel=\"noopener\"><strong>\u2b07\ufe0f Download PhD position Offer<\/strong><\/a><br \/><em>Apply before the 30th April 2026 only on Amethis:\u00a0 <a href=\"https:\/\/amethis.doctorat.org\/amethis-client\/prd\/consulter\/offre\/3455\" target=\"_blank\" rel=\"noopener\">https:\/\/amethis.doctorat.org\/amethis-client\/prd\/consulter\/offre\/3455\u00a0<\/a><br \/>Offer published on 14 April 2026<br \/><\/em><\/p>\t\t\t\t\t\t\t\t<\/div>\n\t\t\t\t<div class=\"elementor-element elementor-element-1f51642 elementor-widget elementor-widget-heading\" data-id=\"1f51642\" data-element_type=\"widget\" data-e-type=\"widget\" data-widget_type=\"heading.default\">\n\t\t\t\t\t<h4 class=\"elementor-heading-title elementor-size-default\">\u25b6\ufe0f PhD position at the Institute of Chemical Sciences of Rennes (University of Rennes) in partnership with the University of Li\u00e8ge (Belgium) \u2013 Organic Chemistry \/ Chiral Materials<\/h4>\t\t\t\t<\/div>\n\t\t\t\t<div class=\"elementor-element elementor-element-d902f34 elementor-widget elementor-widget-text-editor\" data-id=\"d902f34\" data-element_type=\"widget\" data-e-type=\"widget\" data-widget_type=\"text-editor.default\">\n\t\t\t\t\t\t\t\t\t<p><em>Stimuli-Responsive Helicenes<\/em><\/p>\t\t\t\t\t\t\t\t<\/div>\n\t\t\t\t<div class=\"elementor-element elementor-element-bfe8c21 elementor-widget elementor-widget-text-editor\" data-id=\"bfe8c21\" data-element_type=\"widget\" data-e-type=\"widget\" data-widget_type=\"text-editor.default\">\n\t\t\t\t\t\t\t\t\t<p><strong>\u2796 Location and duration: <br \/><\/strong>3 years (<a href=\"https:\/\/iscr.univ-rennes.fr\/fr\">ISCR -Institut des Sciences Chimiques de Rennes<\/a> \/ Universit\u00e9 de Rennes)<br \/>Research visits to Universit\u00e9 de Li\u00e8ge<br \/><strong>\u2796 Start date: <\/strong>October 2026<br \/><a href=\"https:\/\/lumomat.fr\/wp-content\/uploads\/2026\/04\/PhD-Position-ISCR-Stimuli-Responsive-Helicenes-Oct-2026.pdf\" target=\"_blank\" rel=\"noopener\"><strong>\u2b07\ufe0f Download PhD position Offer<\/strong><\/a><br \/><em>Apply before the 30th April at<span id=\"page6R_mcid149\" class=\"markedContent\">\u00a0<span dir=\"ltr\" role=\"presentation\">yohan.gisbert@univ<\/span><\/span><span id=\"page6R_mcid150\" class=\"markedContent\"><span dir=\"ltr\" role=\"presentation\">&#8211;<\/span><\/span><span id=\"page6R_mcid151\" class=\"markedContent\"><span dir=\"ltr\" role=\"presentation\">rennes.fr<\/span><\/span><br \/>Offer published on 14 April 2026<br \/><\/em><\/p>\t\t\t\t\t\t\t\t<\/div>\n\t\t\t\t<div class=\"elementor-element elementor-element-455a469 elementor-widget elementor-widget-heading\" data-id=\"455a469\" data-element_type=\"widget\" data-e-type=\"widget\" data-widget_type=\"heading.default\">\n\t\t\t\t\t<h4 class=\"elementor-heading-title elementor-size-default\">\u25b6\ufe0f PhD position at the MOLTECH-Anjou laboratory (University of Angers) in partnership with the Universit\u00e9 libre de Bruxelles (Belgium) \u2013 Organic Chemistry \/ Chirality \/ Perovskites<\/h4>\t\t\t\t<\/div>\n\t\t\t\t<div class=\"elementor-element elementor-element-59311d7 elementor-widget elementor-widget-text-editor\" data-id=\"59311d7\" data-element_type=\"widget\" data-e-type=\"widget\" data-widget_type=\"text-editor.default\">\n\t\t\t\t\t\t\t\t\t<p><em>Spin-polarized light-emitting diodes and field-effect transistors based on chiral halide perovskites<\/em><\/p>\t\t\t\t\t\t\t\t<\/div>\n\t\t\t\t<div class=\"elementor-element elementor-element-d54f5d7 elementor-widget elementor-widget-text-editor\" data-id=\"d54f5d7\" data-element_type=\"widget\" data-e-type=\"widget\" data-widget_type=\"text-editor.default\">\n\t\t\t\t\t\t\t\t\t<p><strong>\u2796 Location and duration: <br \/><\/strong>3 years at <a href=\"https:\/\/moltech-anjou.univ-angers.fr\/en\/index.html\">Laboratoire MOLTECH-Anjou \/ Universit\u00e9 d&rsquo;Angers<\/a><br \/>Two 4-month internships each at the<a href=\"https:\/\/sciences.ulb.be\/departement-chimie\" target=\"_blank\" rel=\"noopener\">Universit\u00e9 Libre de Bruxelles<\/a><br \/><strong>\u2796 Start date: <\/strong>October 2026<br \/><a href=\"https:\/\/amethis.doctorat.org\/amethis-client\/prd\/consulter\/offre\/3328\" target=\"_blank\" rel=\"noopener\"><strong>Apply on Amethis<\/strong><\/a><br \/><em>Apply before the 17th May on Amethis<br \/>Offer published on 14 April 2026<br \/><\/em><\/p>\t\t\t\t\t\t\t\t<\/div>\n\t\t\t\t<div class=\"elementor-element elementor-element-c5d7369 elementor-widget-divider--view-line elementor-widget elementor-widget-divider\" data-id=\"c5d7369\" data-element_type=\"widget\" data-e-type=\"widget\" data-widget_type=\"divider.default\">\n\t\t\t\t\t\t\t<div class=\"elementor-divider\">\n\t\t\t<span class=\"elementor-divider-separator\">\n\t\t\t\t\t\t<\/span>\n\t\t<\/div>\n\t\t\t\t\t\t<\/div>\n\t\t\t\t<div class=\"elementor-element elementor-element-4d36cf8 elementor-widget elementor-widget-heading\" data-id=\"4d36cf8\" data-element_type=\"widget\" data-e-type=\"widget\" data-widget_type=\"heading.default\">\n\t\t\t\t\t<h2 class=\"elementor-heading-title elementor-size-default\">PhD Opportunities <\/h2>\t\t\t\t<\/div>\n\t\t\t\t<div class=\"elementor-element elementor-element-8f59e49 elementor-widget elementor-widget-heading\" data-id=\"8f59e49\" data-element_type=\"widget\" data-e-type=\"widget\" data-widget_type=\"heading.default\">\n\t\t\t\t\t<h4 class=\"elementor-heading-title elementor-size-default\">\u25b6\ufe0f PhD position at MOLTECH-Anjou Laboratory (Universit\u00e9 d'Angers) - Organic Chemistry<\/h4>\t\t\t\t<\/div>\n\t\t\t\t<div class=\"elementor-element elementor-element-63d4ddd elementor-widget elementor-widget-text-editor\" data-id=\"63d4ddd\" data-element_type=\"widget\" data-e-type=\"widget\" data-widget_type=\"text-editor.default\">\n\t\t\t\t\t\t\t\t\t<p class=\"translation-block\">Perylenediimide-Based Platform as Light-Activated Agents for Anticancer Therapy and Imaging<\/p>\t\t\t\t\t\t\t\t<\/div>\n\t\t\t\t<div class=\"elementor-element elementor-element-19732d8 elementor-widget elementor-widget-text-editor\" data-id=\"19732d8\" data-element_type=\"widget\" data-e-type=\"widget\" data-widget_type=\"text-editor.default\">\n\t\t\t\t\t\t\t\t\t<p><strong>\u2796 Location and duration: <br \/><\/strong>36 months at <a href=\"https:\/\/moltech-anjou.univ-angers.fr\/en\/index.html\">Laboratoire MOLTECH-Anjou \/ Universit\u00e9 d&rsquo;Angers<\/a><br \/><strong>\u2796 Start date:<\/strong> 1 octobre 2026<br \/><a href=\"https:\/\/lumomat.fr\/wp-content\/uploads\/2026\/03\/PhD-MOLTECH-Anjou-University-of-Angers-P.-Hudhomme.pdf\"><strong>\u2b07\ufe0f Download PhD position Offer<\/strong><\/a><br \/><em>Apply before the 17th May 2026 on Amethis \/ Offer published on 19 March 2026<\/em><\/p>\t\t\t\t\t\t\t\t<\/div>\n\t\t\t\t<div class=\"elementor-element elementor-element-fa7b4c8 elementor-widget elementor-widget-spacer\" data-id=\"fa7b4c8\" data-element_type=\"widget\" data-e-type=\"widget\" data-widget_type=\"spacer.default\">\n\t\t\t\t\t\t\t<div class=\"elementor-spacer\">\n\t\t\t<div class=\"elementor-spacer-inner\"><\/div>\n\t\t<\/div>\n\t\t\t\t\t\t<\/div>\n\t\t\t\t\t<\/div>\n\t\t\t\t<\/div>\n\t\t\t\t<\/div>","protected":false},"excerpt":{"rendered":"<p>Offres de th\u00e8se et d&#8217;emploi Retrouvez sur cette page les offres de th\u00e8se et de contrats post-doctoraux de nos appels \u00e0 projet ainsi que les offres de th\u00e8se, de contrats post-doctoraux et d&#8217;emploi du r\u00e9seau LUMOMAT. Offres de th\u00e8se &#8211; Appel \u00e0 Projets LUMOMAT 2026-1 \u25b6\ufe0f Offre de th\u00e8se en co-tutelle Universit\u00e9 de Rennes\u00a0\/ Australian [&hellip;]<\/p>\n","protected":false},"author":7,"featured_media":0,"parent":0,"menu_order":0,"comment_status":"closed","ping_status":"closed","template":"","meta":{"inline_featured_image":false,"site-sidebar-layout":"no-sidebar","site-content-layout":"page-builder","ast-site-content-layout":"full-width-container","site-content-style":"default","site-sidebar-style":"default","ast-global-header-display":"","ast-banner-title-visibility":"","ast-main-header-display":"","ast-hfb-above-header-display":"","ast-hfb-below-header-display":"","ast-hfb-mobile-header-display":"","site-post-title":"","ast-breadcrumbs-content":"","ast-featured-img":"disabled","footer-sml-layout":"","ast-disable-related-posts":"","theme-transparent-header-meta":"","adv-header-id-meta":"","stick-header-meta":"","header-above-stick-meta":"","header-main-stick-meta":"","header-below-stick-meta":"","astra-migrate-meta-layouts":"set","ast-page-background-enabled":"default","ast-page-background-meta":{"desktop":{"background-color":"","background-image":"","background-repeat":"repeat","background-position":"center center","background-size":"auto","background-attachment":"scroll","background-type":"","background-media":"","overlay-type":"","overlay-color":"","overlay-opacity":"","overlay-gradient":""},"tablet":{"background-color":"","background-image":"","background-repeat":"repeat","background-position":"center center","background-size":"auto","background-attachment":"scroll","background-type":"","background-media":"","overlay-type":"","overlay-color":"","overlay-opacity":"","overlay-gradient":""},"mobile":{"background-color":"","background-image":"","background-repeat":"repeat","background-position":"center center","background-size":"auto","background-attachment":"scroll","background-type":"","background-media":"","overlay-type":"","overlay-color":"","overlay-opacity":"","overlay-gradient":""}},"ast-content-background-meta":{"desktop":{"background-color":"var(--ast-global-color-5)","background-image":"","background-repeat":"repeat","background-position":"center center","background-size":"auto","background-attachment":"scroll","background-type":"","background-media":"","overlay-type":"","overlay-color":"","overlay-opacity":"","overlay-gradient":""},"tablet":{"background-color":"var(--ast-global-color-5)","background-image":"","background-repeat":"repeat","background-position":"center center","background-size":"auto","background-attachment":"scroll","background-type":"","background-media":"","overlay-type":"","overlay-color":"","overlay-opacity":"","overlay-gradient":""},"mobile":{"background-color":"var(--ast-global-color-5)","background-image":"","background-repeat":"repeat","background-position":"center center","background-size":"auto","background-attachment":"scroll","background-type":"","background-media":"","overlay-type":"","overlay-color":"","overlay-opacity":"","overlay-gradient":""}},"footnotes":""},"class_list":["post-9687","page","type-page","status-publish","hentry"],"yoast_head":"<!-- This site is optimized with the Yoast SEO plugin v27.4 - https:\/\/yoast.com\/product\/yoast-seo-wordpress\/ -->\n<title>Offres de th\u00e8se et d&#039;emploi - lumomat<\/title>\n<meta name=\"description\" content=\"Retrouvez sur cette page les offres de th\u00e8se, de contrats post-doctoraux d\u2019emploi de nos appels \u00e0 projets et du r\u00e9seau Lumomat.\" \/>\n<meta name=\"robots\" content=\"index, follow, max-snippet:-1, max-image-preview:large, max-video-preview:-1\" \/>\n<link rel=\"canonical\" href=\"https:\/\/lumomat.fr\/eng\/offres-these-et-emploi\/\" \/>\n<meta property=\"og:locale\" content=\"en_GB\" \/>\n<meta property=\"og:type\" content=\"article\" \/>\n<meta property=\"og:title\" content=\"Offres de th\u00e8se et d&#039;emploi - lumomat\" \/>\n<meta property=\"og:description\" content=\"Retrouvez sur cette page les offres de th\u00e8se, de contrats post-doctoraux d\u2019emploi de nos appels \u00e0 projets et du r\u00e9seau Lumomat.\" \/>\n<meta property=\"og:url\" content=\"https:\/\/lumomat.fr\/eng\/offres-these-et-emploi\/\" \/>\n<meta property=\"og:site_name\" content=\"lumomat\" \/>\n<meta property=\"article:modified_time\" content=\"2026-04-14T15:36:27+00:00\" \/>\n<meta property=\"og:image\" content=\"https:\/\/lumomat.fr\/wp-content\/uploads\/2024\/01\/lumomat_photo.webp\" \/>\n\t<meta property=\"og:image:width\" content=\"1200\" \/>\n\t<meta property=\"og:image:height\" content=\"675\" \/>\n\t<meta property=\"og:image:type\" content=\"image\/webp\" \/>\n<meta name=\"twitter:card\" content=\"summary_large_image\" \/>\n<meta name=\"twitter:site\" content=\"@EURLUMOMAT\" \/>\n<meta name=\"twitter:label1\" content=\"Estimated reading time\" \/>\n\t<meta name=\"twitter:data1\" content=\"8 minutes\" \/>\n<script type=\"application\/ld+json\" class=\"yoast-schema-graph\">{\"@context\":\"https:\\\/\\\/schema.org\",\"@graph\":[{\"@type\":\"WebPage\",\"@id\":\"https:\\\/\\\/lumomat.fr\\\/offres-these-et-emploi\\\/\",\"url\":\"https:\\\/\\\/lumomat.fr\\\/offres-these-et-emploi\\\/\",\"name\":\"Offres de th\u00e8se et d'emploi - lumomat\",\"isPartOf\":{\"@id\":\"https:\\\/\\\/lumomat.fr\\\/#website\"},\"datePublished\":\"2026-03-23T13:24:41+00:00\",\"dateModified\":\"2026-04-14T15:36:27+00:00\",\"description\":\"Retrouvez sur cette page les offres de th\u00e8se, de contrats post-doctoraux d\u2019emploi de nos appels \u00e0 projets et du r\u00e9seau Lumomat.\",\"breadcrumb\":{\"@id\":\"https:\\\/\\\/lumomat.fr\\\/offres-these-et-emploi\\\/#breadcrumb\"},\"inLanguage\":\"en-GB\",\"potentialAction\":[{\"@type\":\"ReadAction\",\"target\":[\"https:\\\/\\\/lumomat.fr\\\/offres-these-et-emploi\\\/\"]}]},{\"@type\":\"BreadcrumbList\",\"@id\":\"https:\\\/\\\/lumomat.fr\\\/offres-these-et-emploi\\\/#breadcrumb\",\"itemListElement\":[{\"@type\":\"ListItem\",\"position\":1,\"name\":\"Accueil\",\"item\":\"https:\\\/\\\/lumomat.fr\\\/\"},{\"@type\":\"ListItem\",\"position\":2,\"name\":\"Offres de th\u00e8se et d&#8217;emploi\"}]},{\"@type\":\"WebSite\",\"@id\":\"https:\\\/\\\/lumomat.fr\\\/#website\",\"url\":\"https:\\\/\\\/lumomat.fr\\\/\",\"name\":\"lumomat\",\"description\":\"EUR de chimie\",\"publisher\":{\"@id\":\"https:\\\/\\\/lumomat.fr\\\/#organization\"},\"potentialAction\":[{\"@type\":\"SearchAction\",\"target\":{\"@type\":\"EntryPoint\",\"urlTemplate\":\"https:\\\/\\\/lumomat.fr\\\/?s={search_term_string}\"},\"query-input\":{\"@type\":\"PropertyValueSpecification\",\"valueRequired\":true,\"valueName\":\"search_term_string\"}}],\"inLanguage\":\"en-GB\"},{\"@type\":\"Organization\",\"@id\":\"https:\\\/\\\/lumomat.fr\\\/#organization\",\"name\":\"lumomat\",\"url\":\"https:\\\/\\\/lumomat.fr\\\/\",\"logo\":{\"@type\":\"ImageObject\",\"inLanguage\":\"en-GB\",\"@id\":\"https:\\\/\\\/lumomat.fr\\\/#\\\/schema\\\/logo\\\/image\\\/\",\"url\":\"https:\\\/\\\/lumomat.fr\\\/wp-content\\\/uploads\\\/2023\\\/12\\\/lumomat_simple_couleur.svg\",\"contentUrl\":\"https:\\\/\\\/lumomat.fr\\\/wp-content\\\/uploads\\\/2023\\\/12\\\/lumomat_simple_couleur.svg\",\"width\":483,\"height\":110,\"caption\":\"lumomat\"},\"image\":{\"@id\":\"https:\\\/\\\/lumomat.fr\\\/#\\\/schema\\\/logo\\\/image\\\/\"},\"sameAs\":[\"https:\\\/\\\/x.com\\\/EURLUMOMAT\",\"https:\\\/\\\/www.linkedin.com\\\/in\\\/eur-lumomat-9b3b53114\"]}]}<\/script>\n<!-- \/ Yoast SEO plugin. -->","yoast_head_json":{"title":"Offres de th\u00e8se et d'emploi - lumomat","description":"Retrouvez sur cette page les offres de th\u00e8se, de contrats post-doctoraux d\u2019emploi de nos appels \u00e0 projets et du r\u00e9seau Lumomat.","robots":{"index":"index","follow":"follow","max-snippet":"max-snippet:-1","max-image-preview":"max-image-preview:large","max-video-preview":"max-video-preview:-1"},"canonical":"https:\/\/lumomat.fr\/eng\/offres-these-et-emploi\/","og_locale":"en_GB","og_type":"article","og_title":"Offres de th\u00e8se et d'emploi - lumomat","og_description":"Retrouvez sur cette page les offres de th\u00e8se, de contrats post-doctoraux d\u2019emploi de nos appels \u00e0 projets et du r\u00e9seau Lumomat.","og_url":"https:\/\/lumomat.fr\/eng\/offres-these-et-emploi\/","og_site_name":"lumomat","article_modified_time":"2026-04-14T15:36:27+00:00","og_image":[{"width":1200,"height":675,"url":"https:\/\/lumomat.fr\/wp-content\/uploads\/2024\/01\/lumomat_photo.webp","type":"image\/webp"}],"twitter_card":"summary_large_image","twitter_site":"@EURLUMOMAT","twitter_misc":{"Estimated reading time":"8 minutes"},"schema":{"@context":"https:\/\/schema.org","@graph":[{"@type":"WebPage","@id":"https:\/\/lumomat.fr\/offres-these-et-emploi\/","url":"https:\/\/lumomat.fr\/offres-these-et-emploi\/","name":"Offres de th\u00e8se et d'emploi - lumomat","isPartOf":{"@id":"https:\/\/lumomat.fr\/#website"},"datePublished":"2026-03-23T13:24:41+00:00","dateModified":"2026-04-14T15:36:27+00:00","description":"Retrouvez sur cette page les offres de th\u00e8se, de contrats post-doctoraux d\u2019emploi de nos appels \u00e0 projets et du r\u00e9seau Lumomat.","breadcrumb":{"@id":"https:\/\/lumomat.fr\/offres-these-et-emploi\/#breadcrumb"},"inLanguage":"en-GB","potentialAction":[{"@type":"ReadAction","target":["https:\/\/lumomat.fr\/offres-these-et-emploi\/"]}]},{"@type":"BreadcrumbList","@id":"https:\/\/lumomat.fr\/offres-these-et-emploi\/#breadcrumb","itemListElement":[{"@type":"ListItem","position":1,"name":"Accueil","item":"https:\/\/lumomat.fr\/"},{"@type":"ListItem","position":2,"name":"Offres de th\u00e8se et d&#8217;emploi"}]},{"@type":"WebSite","@id":"https:\/\/lumomat.fr\/#website","url":"https:\/\/lumomat.fr\/","name":"lumomat","description":"EUR de chimie","publisher":{"@id":"https:\/\/lumomat.fr\/#organization"},"potentialAction":[{"@type":"SearchAction","target":{"@type":"EntryPoint","urlTemplate":"https:\/\/lumomat.fr\/?s={search_term_string}"},"query-input":{"@type":"PropertyValueSpecification","valueRequired":true,"valueName":"search_term_string"}}],"inLanguage":"en-GB"},{"@type":"Organization","@id":"https:\/\/lumomat.fr\/#organization","name":"lumomat","url":"https:\/\/lumomat.fr\/","logo":{"@type":"ImageObject","inLanguage":"en-GB","@id":"https:\/\/lumomat.fr\/#\/schema\/logo\/image\/","url":"https:\/\/lumomat.fr\/wp-content\/uploads\/2023\/12\/lumomat_simple_couleur.svg","contentUrl":"https:\/\/lumomat.fr\/wp-content\/uploads\/2023\/12\/lumomat_simple_couleur.svg","width":483,"height":110,"caption":"lumomat"},"image":{"@id":"https:\/\/lumomat.fr\/#\/schema\/logo\/image\/"},"sameAs":["https:\/\/x.com\/EURLUMOMAT","https:\/\/www.linkedin.com\/in\/eur-lumomat-9b3b53114"]}]}},"_links":{"self":[{"href":"https:\/\/lumomat.fr\/eng\/wp-json\/wp\/v2\/pages\/9687","targetHints":{"allow":["GET"]}}],"collection":[{"href":"https:\/\/lumomat.fr\/eng\/wp-json\/wp\/v2\/pages"}],"about":[{"href":"https:\/\/lumomat.fr\/eng\/wp-json\/wp\/v2\/types\/page"}],"author":[{"embeddable":true,"href":"https:\/\/lumomat.fr\/eng\/wp-json\/wp\/v2\/users\/7"}],"replies":[{"embeddable":true,"href":"https:\/\/lumomat.fr\/eng\/wp-json\/wp\/v2\/comments?post=9687"}],"version-history":[{"count":58,"href":"https:\/\/lumomat.fr\/eng\/wp-json\/wp\/v2\/pages\/9687\/revisions"}],"predecessor-version":[{"id":9891,"href":"https:\/\/lumomat.fr\/eng\/wp-json\/wp\/v2\/pages\/9687\/revisions\/9891"}],"wp:attachment":[{"href":"https:\/\/lumomat.fr\/eng\/wp-json\/wp\/v2\/media?parent=9687"}],"curies":[{"name":"wp","href":"https:\/\/api.w.org\/{rel}","templated":true}]}}